{"id":17197,"date":"2024-06-28T15:41:09","date_gmt":"2024-06-28T18:41:09","guid":{"rendered":"https:\/\/luzesnaescuridao.com.br\/v3\/loja-store-boutique-copy\/"},"modified":"2026-01-14T18:50:07","modified_gmt":"2026-01-14T21:50:07","slug":"loja-store-boutique-backup","status":"publish","type":"page","link":"https:\/\/luzesnaescuridao.com.br\/v3\/loja-store-boutique-backup\/","title":{"rendered":"Loja<span style=\"font-style:italic;text-transform: lowercase;color:#92D050\">\/Store\/Boutique <\/span>"},"content":{"rendered":"<p>[vc_row css_animation=&#8221;&#8221; row_type=&#8221;row&#8221; use_row_as_full_screen_section=&#8221;no&#8221; type=&#8221;full_width&#8221; angled_section=&#8221;no&#8221; text_align=&#8221;left&#8221; background_image_as_pattern=&#8221;without_pattern&#8221;][vc_column][vc_empty_space height=&#8221;30px&#8221;][\/vc_column][\/vc_row][vc_row css_animation=&#8221;&#8221; row_type=&#8221;row&#8221; use_row_as_full_screen_section=&#8221;no&#8221; type=&#8221;full_width&#8221; angled_section=&#8221;no&#8221; text_align=&#8221;left&#8221; background_image_as_pattern=&#8221;without_pattern&#8221;][vc_column][vc_column_text]<\/p>\n<h1 style=\"text-align: center; color: #92d050;\">Loja em reais para Brasileiros<\/h1>\n<p>[\/vc_column_text][\/vc_column][\/vc_row][vc_row css_animation=&#8221;&#8221; row_type=&#8221;row&#8221; use_row_as_full_screen_section=&#8221;no&#8221; type=&#8221;full_width&#8221; angled_section=&#8221;no&#8221; text_align=&#8221;left&#8221; background_image_as_pattern=&#8221;without_pattern&#8221;][vc_column][\/vc_column][\/vc_row][vc_row css_animation=&#8221;&#8221; row_type=&#8221;row&#8221; use_row_as_full_screen_section=&#8221;no&#8221; type=&#8221;full_width&#8221; angled_section=&#8221;no&#8221; text_align=&#8221;left&#8221; background_image_as_pattern=&#8221;without_pattern&#8221;][vc_column][vc_empty_space height=&#8221;80px&#8221;][\/vc_column][\/vc_row][vc_row css_animation=&#8221;&#8221; row_type=&#8221;row&#8221; use_row_as_full_screen_section=&#8221;no&#8221; type=&#8221;full_width&#8221; angled_section=&#8221;no&#8221; text_align=&#8221;left&#8221; background_image_as_pattern=&#8221;without_pattern&#8221;][vc_column width=&#8221;1\/3&#8243;][vc_single_image image=&#8221;16862&#8243; img_size=&#8221;medium&#8221; qode_css_animation=&#8221;&#8221;][vc_empty_space height=&#8221;18px&#8221;][vc_column_text]<\/p>\n<h3><strong>Luzes na Escurid\u00e3o<br \/>\nVolume 1<\/strong><\/h3>\n<p>[\/vc_column_text][vc_empty_space height=&#8221;12px&#8221;][vc_column_text]<strong>R$260,00 (frete incluso)<\/strong><\/p>\n<p><!-- INICIO DO BOTAO PAGBANK --><a title=\"Pagar com PagBank\" href=\"https:\/\/pag.ae\/81pAcmEr9\/button\" target=\"_blank\" rel=\"noopener\"><img decoding=\"async\" src=\"https:\/\/assets.pagseguro.com.br\/ps-integration-assets\/botoes\/pagamentos\/95x45-pagar-laranja.gif\" alt=\"Pague com PagBank - \u00e9 r\u00e1pido, gr\u00e1tis e seguro!\" \/><\/a><!-- FIM DO BOTAO PAGBANK -->[\/vc_column_text][vc_empty_space][\/vc_column][vc_column width=&#8221;1\/3&#8243;][vc_single_image image=&#8221;16864&#8243; img_size=&#8221;medium&#8221; qode_css_animation=&#8221;&#8221;][vc_empty_space height=&#8221;18px&#8221;][vc_column_text]<\/p>\n<h3><strong>Luzes na Escurid\u00e3o<br \/>\nVolume 2<\/strong><\/h3>\n<p>[\/vc_column_text][vc_empty_space height=&#8221;12px&#8221;][vc_column_text]<strong>R$260,00 (frete incluso)<\/strong><\/p>\n<p><!-- INICIO DO BOTAO PAGBANK --><a title=\"Pagar com PagBank\" href=\"https:\/\/pag.ae\/81pAhq2w9\/button\" target=\"_blank\" rel=\"noopener\"><img decoding=\"async\" src=\"https:\/\/assets.pagseguro.com.br\/ps-integration-assets\/botoes\/pagamentos\/95x45-pagar-laranja.gif\" alt=\"Pague com PagBank - \u00e9 r\u00e1pido, gr\u00e1tis e seguro!\" \/><\/a><!-- FIM DO BOTAO PAGBANK -->[\/vc_column_text][vc_empty_space][\/vc_column][vc_column width=&#8221;1\/3&#8243;][vc_single_image image=&#8221;17163&#8243; img_size=&#8221;medium&#8221; qode_css_animation=&#8221;&#8221;][vc_empty_space height=&#8221;18px&#8221;][vc_column_text]<\/p>\n<h3>Luzes na Escurid\u00e3o<br \/>\nVolume 3<\/h3>\n<p>[\/vc_column_text][vc_empty_space height=&#8221;12px&#8221;][vc_column_text]<strong>R$260,00 (frete incluso)<\/strong><\/p>\n<p><!-- INICIO DO BOTAO PAGBANK --><a title=\"Pagar com PagBank\" href=\"https:\/\/pag.ae\/81pAiSRX9\/button\" target=\"_blank\" rel=\"noopener\"><img decoding=\"async\" src=\"https:\/\/assets.pagseguro.com.br\/ps-integration-assets\/botoes\/pagamentos\/95x45-pagar-laranja.gif\" alt=\"Pague com PagBank - \u00e9 r\u00e1pido, gr\u00e1tis e seguro!\" \/><\/a><!-- FIM DO BOTAO PAGBANK -->[\/vc_column_text][vc_empty_space][\/vc_column][\/vc_row][vc_row css_animation=&#8221;&#8221; row_type=&#8221;row&#8221; use_row_as_full_screen_section=&#8221;no&#8221; type=&#8221;full_width&#8221; angled_section=&#8221;no&#8221; text_align=&#8221;left&#8221; background_image_as_pattern=&#8221;without_pattern&#8221;][vc_column width=&#8221;1\/3&#8243;][vc_single_image image=&#8221;17166&#8243; img_size=&#8221;medium&#8221; qode_css_animation=&#8221;&#8221;][vc_empty_space height=&#8221;18px&#8221;][vc_column_text]<\/p>\n<h3><strong>Luzes na Escurid\u00e3o Volume 1 + 2<\/strong><\/h3>\n<p>[\/vc_column_text][vc_empty_space height=&#8221;12px&#8221;][vc_column_text]<strong>R$500,00 (Frete incluso)<\/strong><\/p>\n<p><!-- INICIO DO BOTAO PAGBANK --><a title=\"Pagar com PagBank\" href=\"https:\/\/pag.ae\/81pAmvesK\/button\" target=\"_blank\" rel=\"noopener\"><img decoding=\"async\" src=\"https:\/\/assets.pagseguro.com.br\/ps-integration-assets\/botoes\/pagamentos\/95x45-pagar-laranja.gif\" alt=\"Pague com PagBank - \u00e9 r\u00e1pido, gr\u00e1tis e seguro!\" \/><\/a><!-- FIM DO BOTAO PAGBANK -->[\/vc_column_text][vc_empty_space][\/vc_column][vc_column width=&#8221;1\/3&#8243;][vc_single_image image=&#8221;17167&#8243; img_size=&#8221;medium&#8221; qode_css_animation=&#8221;&#8221;][vc_empty_space height=&#8221;18px&#8221;][vc_column_text]<\/p>\n<h3><strong>Luzes na Escurid\u00e3o Volume 2 + 3<\/strong><\/h3>\n<p>[\/vc_column_text][vc_empty_space height=&#8221;12px&#8221;][vc_column_text]<strong>R$500,00 (Frete incluso)<\/strong><\/p>\n<p><!-- INICIO DO BOTAO PAGBANK --><a title=\"Pagar com PagBank\" href=\"https:\/\/pag.ae\/81pApxR-p\/button\" target=\"_blank\" rel=\"noopener\"><img decoding=\"async\" src=\"https:\/\/assets.pagseguro.com.br\/ps-integration-assets\/botoes\/pagamentos\/95x45-pagar-laranja.gif\" alt=\"Pague com PagBank - \u00e9 r\u00e1pido, gr\u00e1tis e seguro!\" \/><\/a><!-- FIM DO BOTAO PAGBANK -->[\/vc_column_text][vc_empty_space][\/vc_column][vc_column width=&#8221;1\/3&#8243;][vc_single_image image=&#8221;17168&#8243; img_size=&#8221;medium&#8221; qode_css_animation=&#8221;&#8221;][vc_empty_space height=&#8221;18px&#8221;][vc_column_text]<\/p>\n<h3>Luzes na Escurid\u00e3o<br \/>\nVolume 1 + 3<\/h3>\n<p>[\/vc_column_text][vc_empty_space height=&#8221;12px&#8221;][vc_column_text]<strong>R$500,00 (Frete incluso)<\/strong><\/p>\n<p><!-- INICIO DO BOTAO PAGBANK --><a title=\"Pagar com PagBank\" href=\"https:\/\/pag.ae\/81pAoLbg4\/button\" target=\"_blank\" rel=\"noopener\"><img decoding=\"async\" src=\"https:\/\/assets.pagseguro.com.br\/ps-integration-assets\/botoes\/pagamentos\/95x45-pagar-laranja.gif\" alt=\"Pague com PagBank - \u00e9 r\u00e1pido, gr\u00e1tis e seguro!\" \/><\/a><!-- FIM DO BOTAO PAGBANK -->[\/vc_column_text][vc_empty_space][\/vc_column][\/vc_row][vc_row css_animation=&#8221;&#8221; row_type=&#8221;row&#8221; use_row_as_full_screen_section=&#8221;no&#8221; type=&#8221;full_width&#8221; angled_section=&#8221;no&#8221; text_align=&#8221;left&#8221; background_image_as_pattern=&#8221;without_pattern&#8221;][vc_column width=&#8221;1\/3&#8243;][vc_single_image image=&#8221;17170&#8243; img_size=&#8221;medium&#8221; qode_css_animation=&#8221;&#8221;][vc_empty_space height=&#8221;18px&#8221;][vc_column_text]<\/p>\n<h3><strong>Luzes na Escurid\u00e3o Volume 1 + 2 + 3<\/strong><\/h3>\n<p>[\/vc_column_text][vc_empty_space height=&#8221;12px&#8221;][vc_column_text]<strong>R$720,00 (Frete incluso)<\/strong><\/p>\n<p><!-- INICIO DO BOTAO PAGBANK --><a title=\"Pagar com PagBank\" href=\"https:\/\/pag.ae\/81pAsnLr9\/button\" target=\"_blank\" rel=\"noopener\"><img decoding=\"async\" src=\"https:\/\/assets.pagseguro.com.br\/ps-integration-assets\/botoes\/pagamentos\/95x45-pagar-laranja.gif\" alt=\"Pague com PagBank - \u00e9 r\u00e1pido, gr\u00e1tis e seguro!\" \/><\/a><!-- FIM DO BOTAO PAGBANK -->[\/vc_column_text][vc_empty_space][\/vc_column][vc_column width=&#8221;1\/3&#8243;][\/vc_column][vc_column width=&#8221;1\/3&#8243;][\/vc_column][\/vc_row][vc_row css_animation=&#8221;&#8221; row_type=&#8221;row&#8221; use_row_as_full_screen_section=&#8221;no&#8221; type=&#8221;full_width&#8221; angled_section=&#8221;no&#8221; text_align=&#8221;left&#8221; background_image_as_pattern=&#8221;without_pattern&#8221;][vc_column][vc_empty_space height=&#8221;80px&#8221;][\/vc_column][\/vc_row][vc_row css_animation=&#8221;&#8221; row_type=&#8221;row&#8221; use_row_as_full_screen_section=&#8221;no&#8221; type=&#8221;full_width&#8221; angled_section=&#8221;no&#8221; text_align=&#8221;left&#8221; background_image_as_pattern=&#8221;without_pattern&#8221;][vc_column][vc_column_text]<\/p>\n<h1 style=\"color: #92d050; text-align: center;\">Sales to customers residing in countries other than Brazil:<\/h1>\n<p>[\/vc_column_text][vc_column_text]<\/p>\n<p style=\"text-align: center;\">Under construction!<\/p>\n<p>[\/vc_column_text][vc_empty_space height=&#8221;50px&#8221;][\/vc_column][\/vc_row][vc_row css_animation=&#8221;&#8221; row_type=&#8221;row&#8221; use_row_as_full_screen_section=&#8221;no&#8221; type=&#8221;full_width&#8221; angled_section=&#8221;no&#8221; text_align=&#8221;left&#8221; background_image_as_pattern=&#8221;without_pattern&#8221;][vc_column][vc_empty_space height=&#8221;80px&#8221;][\/vc_column][\/vc_row][vc_row css_animation=&#8221;&#8221; row_type=&#8221;row&#8221; use_row_as_full_screen_section=&#8221;no&#8221; type=&#8221;full_width&#8221; angled_section=&#8221;no&#8221; text_align=&#8221;left&#8221; background_image_as_pattern=&#8221;without_pattern&#8221;][vc_column][vc_column_text]<img decoding=\"async\" loading=\"lazy\" class=\"alignnone wp-image-16768\" src=\"http:\/\/luzesnaescuridao.com.br\/v2\/wp-content\/uploads\/2019\/09\/en.png\" alt=\"\" width=\"22\" height=\"14\" \/>\u00a0customers residing in Asia, Africa or Oceania, please write to us by email <a href=\"mailto:contato@luzesnaescuridao.com.br\">contato@luzesnaescuridao.com.br<\/a>, and we will calculate the shipping to send you a personalized payment link. We appreciate your interest in our project.<\/p>\n<p>&nbsp;<\/p>\n<p><img decoding=\"async\" loading=\"lazy\" class=\"alignnone wp-image-16770\" src=\"http:\/\/luzesnaescuridao.com.br\/v2\/wp-content\/uploads\/2019\/09\/fr.png\" alt=\"\" width=\"22\" height=\"14\" \/>\u00a0clients r\u00e9sidant en Asie, Afrique ou Oc\u00e9anie, veuillez nous \u00e9crire par email <a href=\"mailto:contato@luzesnaescuridao.com.br\">contato@luzesnaescuridao.com.br<\/a>, et nous calculerons les frais de port pour vous envoyer un lien de paiement personnalis\u00e9. Nous appr\u00e9cions votre int\u00e9r\u00eat pour notre projet.<\/p>\n<p>&nbsp;<\/p>\n<p><img decoding=\"async\" loading=\"lazy\" class=\"alignnone wp-image-16769\" src=\"http:\/\/luzesnaescuridao.com.br\/v2\/wp-content\/uploads\/2019\/09\/es.png\" alt=\"\" width=\"22\" height=\"14\" \/>\u00a0Clientes residentes en Asia, \u00c1frica u Ocean\u00eda, por favor escr\u00edbanos por correo electr\u00f3nico <a href=\"mailto:contato@luzesnaescuridao.com.br\">contato@luzesnaescuridao.com.br<\/a>, y calcularemos el env\u00edo para enviarle un enlace de pago personalizado. Agradecemos su inter\u00e9s en nuestro proyecto.[\/vc_column_text][\/vc_column][\/vc_row][vc_row css_animation=&#8221;&#8221; row_type=&#8221;row&#8221; use_row_as_full_screen_section=&#8221;no&#8221; type=&#8221;full_width&#8221; angled_section=&#8221;no&#8221; text_align=&#8221;left&#8221; background_image_as_pattern=&#8221;without_pattern&#8221;][vc_column][vc_empty_space height=&#8221;80px&#8221;][\/vc_column][\/vc_row]<\/p>\n","protected":false},"excerpt":{"rendered":"<p>[vc_row css_animation=&#8221;&#8221; row_type=&#8221;row&#8221; use_row_as_full_screen_section=&#8221;no&#8221; type=&#8221;full_width&#8221; angled_section=&#8221;no&#8221; text_align=&#8221;left&#8221; background_image_as_pattern=&#8221;without_pattern&#8221;][vc_column][vc_empty_space height=&#8221;30px&#8221;][\/vc_column][\/vc_row][vc_row css_animation=&#8221;&#8221; row_type=&#8221;row&#8221; use_row_as_full_screen_section=&#8221;no&#8221; type=&#8221;full_width&#8221; angled_section=&#8221;no&#8221; text_align=&#8221;left&#8221; background_image_as_pattern=&#8221;without_pattern&#8221;][vc_column][vc_column_text] Loja em reais para Brasileiros [\/vc_column_text][\/vc_column][\/vc_row][vc_row css_animation=&#8221;&#8221; row_type=&#8221;row&#8221; use_row_as_full_screen_section=&#8221;no&#8221; type=&#8221;full_width&#8221; angled_section=&#8221;no&#8221; text_align=&#8221;left&#8221; background_image_as_pattern=&#8221;without_pattern&#8221;][vc_column][\/vc_column][\/vc_row][vc_row css_animation=&#8221;&#8221; row_type=&#8221;row&#8221; use_row_as_full_screen_section=&#8221;no&#8221; type=&#8221;full_width&#8221; angled_section=&#8221;no&#8221; text_align=&#8221;left&#8221; background_image_as_pattern=&#8221;without_pattern&#8221;][vc_column][vc_empty_space height=&#8221;80px&#8221;][\/vc_column][\/vc_row][vc_row css_animation=&#8221;&#8221; row_type=&#8221;row&#8221; use_row_as_full_screen_section=&#8221;no&#8221; type=&#8221;full_width&#8221; angled_section=&#8221;no&#8221; text_align=&#8221;left&#8221; background_image_as_pattern=&#8221;without_pattern&#8221;][vc_column width=&#8221;1\/3&#8243;][vc_single_image&#8230;<\/p>\n","protected":false},"author":1,"featured_media":0,"parent":0,"menu_order":0,"comment_status":"closed","ping_status":"closed","template":"","meta":{"_mi_skip_tracking":false,"_exactmetrics_sitenote_active":false,"_exactmetrics_sitenote_note":"","_exactmetrics_sitenote_category":0},"_links":{"self":[{"href":"https:\/\/luzesnaescuridao.com.br\/v3\/wp-json\/wp\/v2\/pages\/17197"}],"collection":[{"href":"https:\/\/luzesnaescuridao.com.br\/v3\/wp-json\/wp\/v2\/pages"}],"about":[{"href":"https:\/\/luzesnaescuridao.com.br\/v3\/wp-json\/wp\/v2\/types\/page"}],"author":[{"embeddable":true,"href":"https:\/\/luzesnaescuridao.com.br\/v3\/wp-json\/wp\/v2\/users\/1"}],"replies":[{"embeddable":true,"href":"https:\/\/luzesnaescuridao.com.br\/v3\/wp-json\/wp\/v2\/comments?post=17197"}],"version-history":[{"count":6,"href":"https:\/\/luzesnaescuridao.com.br\/v3\/wp-json\/wp\/v2\/pages\/17197\/revisions"}],"predecessor-version":[{"id":17235,"href":"https:\/\/luzesnaescuridao.com.br\/v3\/wp-json\/wp\/v2\/pages\/17197\/revisions\/17235"}],"wp:attachment":[{"href":"https:\/\/luzesnaescuridao.com.br\/v3\/wp-json\/wp\/v2\/media?parent=17197"}],"curies":[{"name":"wp","href":"https:\/\/api.w.org\/{rel}","templated":true}]}}