{"id":16652,"date":"2019-09-09T06:57:23","date_gmt":"2019-09-09T09:57:23","guid":{"rendered":"http:\/\/luzesnaescuridao.com.br\/v2\/sobre-o-projeto-copy\/"},"modified":"2023-06-20T18:15:22","modified_gmt":"2023-06-20T21:15:22","slug":"quer-ser-patrocinador","status":"publish","type":"page","link":"https:\/\/luzesnaescuridao.com.br\/v3\/quer-ser-patrocinador\/","title":{"rendered":"Quer ser Patrocinador?  <span style=\"font-style:italic; text-transform: lowercase; color:#92D050;\">Do you want to be a Sponsor?<\/span>"},"content":{"rendered":"<p>[vc_row css_animation=&#8221;&#8221; row_type=&#8221;row&#8221; use_row_as_full_screen_section=&#8221;no&#8221; type=&#8221;full_width&#8221; angled_section=&#8221;no&#8221; text_align=&#8221;left&#8221; background_image_as_pattern=&#8221;without_pattern&#8221;][vc_column][vc_empty_space height=&#8221;80px&#8221;][\/vc_column][\/vc_row][vc_row css_animation=&#8221;&#8221; row_type=&#8221;row&#8221; use_row_as_full_screen_section=&#8221;no&#8221; type=&#8221;full_width&#8221; angled_section=&#8221;no&#8221; text_align=&#8221;left&#8221; background_image_as_pattern=&#8221;without_pattern&#8221;][vc_column width=&#8221;2\/3&#8243;][vc_column_text]O projeto Luzes na Escurid\u00e3o n\u00e3o tem fins lucrativos. Todo o lucro dos primeiros volumes est\u00e1 sendo reinvestido no Volume 3.<\/p>\n<p>Oferecemos tr\u00eas categorias de patroc\u00ednios:<\/p>\n<p>&nbsp;<\/p>\n<p><strong>Oferecemos tr\u00eas categorias de patroc\u00ednios:<\/strong><\/p>\n<p>\u2013 ouro: 200 livros gr\u00e1tis<\/p>\n<p>\u2013 prata: 100 livros gr\u00e1tis<\/p>\n<p>\u2013 bronze : 50 livros gr\u00e1tis<\/p>\n<p>&nbsp;<\/p>\n<p>&nbsp;<\/p>\n<p>Ser\u00e1 poss\u00edvel tamb\u00e9m optar por receber os livros com sobrecapas personalizadas, com as imagens e mensagem desejada pela organiza\u00e7\u00e3o.<br \/>\nPara baixar uma apresenta\u00e7\u00e3o detalhada sobre o projeto <a href=\"https:\/\/docs.google.com\/presentation\/d\/10mXHaVBnmsi92fgq0yeTbm9aX3JOZeKY\/edit#slide=id.p1\" target=\"_blank\" rel=\"noopener noreferrer\">clique neste link<\/a><br \/>\nPara maiores informa\u00e7\u00f5es, <a href=\"https:\/\/luzesnaescuridao.com.br\/v3\/contato\/\">entre em contato conosco\u00a0<\/a><\/p>\n<p>&nbsp;<\/p>\n<p><span style=\"font-style: italic; color: #92d050;\"><br \/>\nThe project Lights in the Darkness is not for profit. All profit from the first volumes is being reinvested in Volume 3.<\/span><\/p>\n<p><span style=\"font-style: italic; color: #92d050;\"><br \/>\n<strong>We have 3 sponsorship categories:<\/strong><br \/>\n\u2013 gold: 200 free books<br \/>\n\u2013 silver: 100 free books<br \/>\n\u2013 bronze: 50 free books<br \/>\n<\/span><\/p>\n<p><span style=\"font-style: italic; color: #92d050;\"><br \/>\nTo download a detailed presentation about the project, <a href=\"https:\/\/docs.google.com\/presentation\/d\/10mXHaVBnmsi92fgq0yeTbm9aX3JOZeKY\/edit#slide=id.p1\" target=\"_blank\" rel=\"noopener noreferrer\">click here<\/a><br \/>\nYou can also choose to receive the books with custom dustbins, with the images and message desired by the organization.<br \/>\nFor more information, <a href=\"https:\/\/luzesnaescuridao.com.br\/v3\/contato\/\">contact us at the link<\/a><br \/>\n<\/span>[\/vc_column_text][\/vc_column][vc_column width=&#8221;1\/3&#8243;][vc_empty_space][vc_single_image image=&#8221;17012&#8243; img_size=&#8221;full&#8221; qode_css_animation=&#8221;&#8221;][vc_empty_space][\/vc_column][\/vc_row][vc_row css_animation=&#8221;&#8221; row_type=&#8221;row&#8221; use_row_as_full_screen_section=&#8221;no&#8221; type=&#8221;full_width&#8221; angled_section=&#8221;no&#8221; text_align=&#8221;left&#8221; background_image_as_pattern=&#8221;without_pattern&#8221;][vc_column][vc_empty_space height=&#8221;80px&#8221;][\/vc_column][\/vc_row]<\/p>\n","protected":false},"excerpt":{"rendered":"<p>[vc_row css_animation=&#8221;&#8221; row_type=&#8221;row&#8221; use_row_as_full_screen_section=&#8221;no&#8221; type=&#8221;full_width&#8221; angled_section=&#8221;no&#8221; text_align=&#8221;left&#8221; background_image_as_pattern=&#8221;without_pattern&#8221;][vc_column][vc_empty_space height=&#8221;80px&#8221;][\/vc_column][\/vc_row][vc_row css_animation=&#8221;&#8221; row_type=&#8221;row&#8221; use_row_as_full_screen_section=&#8221;no&#8221; type=&#8221;full_width&#8221; angled_section=&#8221;no&#8221; text_align=&#8221;left&#8221; background_image_as_pattern=&#8221;without_pattern&#8221;][vc_column width=&#8221;2\/3&#8243;][vc_column_text]O projeto Luzes na Escurid\u00e3o n\u00e3o tem fins lucrativos. Todo o lucro dos primeiros volumes est\u00e1 sendo reinvestido no Volume 3. Oferecemos tr\u00eas categorias de patroc\u00ednios: &nbsp; Oferecemos tr\u00eas&#8230;<\/p>\n","protected":false},"author":1,"featured_media":0,"parent":0,"menu_order":0,"comment_status":"closed","ping_status":"closed","template":"","meta":{"_mi_skip_tracking":false,"_exactmetrics_sitenote_active":false,"_exactmetrics_sitenote_note":"","_exactmetrics_sitenote_category":0},"_links":{"self":[{"href":"https:\/\/luzesnaescuridao.com.br\/v3\/wp-json\/wp\/v2\/pages\/16652"}],"collection":[{"href":"https:\/\/luzesnaescuridao.com.br\/v3\/wp-json\/wp\/v2\/pages"}],"about":[{"href":"https:\/\/luzesnaescuridao.com.br\/v3\/wp-json\/wp\/v2\/types\/page"}],"author":[{"embeddable":true,"href":"https:\/\/luzesnaescuridao.com.br\/v3\/wp-json\/wp\/v2\/users\/1"}],"replies":[{"embeddable":true,"href":"https:\/\/luzesnaescuridao.com.br\/v3\/wp-json\/wp\/v2\/comments?post=16652"}],"version-history":[{"count":13,"href":"https:\/\/luzesnaescuridao.com.br\/v3\/wp-json\/wp\/v2\/pages\/16652\/revisions"}],"predecessor-version":[{"id":17013,"href":"https:\/\/luzesnaescuridao.com.br\/v3\/wp-json\/wp\/v2\/pages\/16652\/revisions\/17013"}],"wp:attachment":[{"href":"https:\/\/luzesnaescuridao.com.br\/v3\/wp-json\/wp\/v2\/media?parent=16652"}],"curies":[{"name":"wp","href":"https:\/\/api.w.org\/{rel}","templated":true}]}}