{"id":16591,"date":"2019-09-05T20:46:55","date_gmt":"2019-09-05T23:46:55","guid":{"rendered":"http:\/\/luzesnaescuridao.com.br\/v2\/galeria-copy\/"},"modified":"2023-06-24T17:10:32","modified_gmt":"2023-06-24T20:10:32","slug":"fotografos","status":"publish","type":"page","link":"https:\/\/luzesnaescuridao.com.br\/v3\/fotografos\/","title":{"rendered":"Fot\u00f3grafos <span style=\"font-style:italic; text-transform: lowercase; color:#92D050;\">photographers<\/span>"},"content":{"rendered":"<p>[vc_row css_animation=&#8221;&#8221; row_type=&#8221;row&#8221; use_row_as_full_screen_section=&#8221;no&#8221; type=&#8221;full_width&#8221; angled_section=&#8221;no&#8221; text_align=&#8221;left&#8221; background_image_as_pattern=&#8221;without_pattern&#8221;][vc_column][vc_empty_space height=&#8221;80px&#8221;][\/vc_column][\/vc_row][vc_row css_animation=&#8221;&#8221; row_type=&#8221;row&#8221; use_row_as_full_screen_section=&#8221;no&#8221; type=&#8221;full_width&#8221; angled_section=&#8221;no&#8221; text_align=&#8221;left&#8221; background_image_as_pattern=&#8221;without_pattern&#8221;][vc_column width=&#8221;1\/3&#8243;][vc_single_image image=&#8221;16614&#8243; img_size=&#8221;full&#8221; qode_css_animation=&#8221;&#8221; qode_hover_animation=&#8221;zoom_in&#8221;]<div class=\"qode-accordion-holder clearfix qode-toggle qode-initial \">\n\t<h3 class=\"clearfix qode-title-holder\">\n<span class=\"qode-tab-title\">\n\t    <span class=\"qode-tab-title-inner\">\n        Ataliba Coelho    <\/span>\n<\/span>\n<span class=\"qode-accordion-mark\">\n    <span class=\"qode-accordion-mark-icon\">\n        <span class=\"icon_plus\"><\/span>\n        <span class=\"icon_minus-06\"><\/span>\n    <\/span>\n<\/span>\n<\/h3>\n<div  class=\"qode-accordion-content \" >\n    <div class=\"qode-accordion-content-inner\">\n        [vc_column_text]<b>Ataliba Coelho <\/b>\u00e9 Ge\u00f3grafo, e atua como fot\u00f3grafo desde 1998. Em 2004 iniciou-se na espeleologia, e estendeu sua paix\u00e3o pela fotografia para o ambiente subterr\u00e2neo.<br \/>\nTem atuado intensamente nas cavernas de Minas Gerais e do Par\u00e1 (cavernas em Min\u00e9rio de Ferro), possuindo um banco de imagens \u00fanico e extraordin\u00e1rio das cavernas dessas regi\u00f5es.<\/p>\n<p>&nbsp;<\/p>\n<p><span style=\"font-style: italic; color: #92d050;\">Ataliba Coelho is a Geographer and has been a photographer since 1998. In 2004 he began speleology and extended his passion for photography to the underground environment. He has worked intensively in the caves of Minas Gerais and Par\u00e1 (caves in Iron Ore) and has a unique and extraordinary image bank of the caves of these regions.<\/span>[\/vc_column_text]    <\/div>\n<\/div><\/div>[vc_empty_space height=&#8221;40px&#8221;][\/vc_column][vc_column width=&#8221;1\/3&#8243;][vc_single_image image=&#8221;219&#8243; img_size=&#8221;full&#8221; qode_css_animation=&#8221;&#8221; qode_hover_animation=&#8221;zoom_in&#8221;]<div class=\"qode-accordion-holder clearfix qode-toggle qode-initial \">\n\t<h3 class=\"clearfix qode-title-holder\">\n<span class=\"qode-tab-title\">\n\t    <span class=\"qode-tab-title-inner\">\n        Csaba Egri    <\/span>\n<\/span>\n<span class=\"qode-accordion-mark\">\n    <span class=\"qode-accordion-mark-icon\">\n        <span class=\"icon_plus\"><\/span>\n        <span class=\"icon_minus-06\"><\/span>\n    <\/span>\n<\/span>\n<\/h3>\n<div  class=\"qode-accordion-content \" >\n    <div class=\"qode-accordion-content-inner\">\n        [vc_column_text]O ge\u00f3grafo h\u00fangaro <strong>Egri Csaba<\/strong> pratica a espeleologia h\u00e1 mais de 25 anos. Atra\u00eddo inicialmente pelo esp\u00edrito de aventura, rapidamente come\u00e7ou a fotografar as cavernas para desvendar suas belezas ocultas. Esse hobby acabou se tornando sua profiss\u00e3o: ele trabalha no \u00f3rg\u00e3o p\u00fablico que cuida da Conserva\u00e7\u00e3o da Natureza da Hungria, onde \u00e9 respons\u00e1vel pelo invent\u00e1rio de cavernas e outras quest\u00f5es de preserva\u00e7\u00e3o das cavernas. Csaba Egri tirou sua primeira foto 3D h\u00e1 mais de 20 anos e vem aprimorando continuamente sua t\u00e9cnica. Ele realiza regularmente apresenta\u00e7\u00f5es 3D altamente apreciadas, tanto no pa\u00eds quanto no exterior, a fim de divulgar o conhecimento sobre cavernas.<\/p>\n<p>&nbsp;<\/p>\n<p><span style=\"font-style: italic; color: #92d050;\">The Hungarian geographer Egri Csaba has been practicing caving for over 25 years. Attracted initially by the spirit of adventure, he quickly began to photograph caves to unveil their hidden beauty. Over time, this hobby became his profession: he works for the official Hungarian Nature Conservancy where he is responsible for the cave inventory and other cave protection issues. He shooted his first 3D photo more than 20 years ago, and he has been continuously improving its technique. He regularly holds highly appreciated 3D presentations both home and abroad, in order to spread knowledge about caves.<br \/>\n<\/span>[\/vc_column_text]    <\/div>\n<\/div><\/div>[vc_empty_space height=&#8221;40px&#8221;][\/vc_column][vc_column width=&#8221;1\/3&#8243;][vc_single_image image=&#8221;220&#8243; img_size=&#8221;full&#8221; qode_css_animation=&#8221;&#8221; qode_hover_animation=&#8221;zoom_in&#8221;]<div class=\"qode-accordion-holder clearfix qode-toggle qode-initial \">\n\t<h3 class=\"clearfix qode-title-holder\">\n<span class=\"qode-tab-title\">\n\t    <span class=\"qode-tab-title-inner\">\n        Daniel Menin    <\/span>\n<\/span>\n<span class=\"qode-accordion-mark\">\n    <span class=\"qode-accordion-mark-icon\">\n        <span class=\"icon_plus\"><\/span>\n        <span class=\"icon_minus-06\"><\/span>\n    <\/span>\n<\/span>\n<\/h3>\n<div  class=\"qode-accordion-content \" >\n    <div class=\"qode-accordion-content-inner\">\n        [vc_column_text]<strong>Daniel Menin<\/strong> atua desde 1995 na explora\u00e7\u00e3o e documenta\u00e7\u00e3o das cavernas brasileiras. Pesquisador pelo Instituto de Geoci\u00eancias\u00a0 da Universidade de S\u00e3o Paulo, trabalha com divulga\u00e7\u00e3o cient\u00edfica em diferentes frentes, da educa\u00e7\u00e3o \u00e0 promo\u00e7\u00e3o da espeleologia no contexto da geoconserva\u00e7\u00e3o. Seus registros subterr\u00e2neos t\u00eam como caracter\u00edstica a documenta\u00e7\u00e3o de ambientes de dif\u00edcil acesso, relacionados aos mais diversos valores espeleol\u00f3gicos. Suas fotos j\u00e1 foram publicadas em livros, artigos e revistas cient\u00edficas. Menin participou de exposi\u00e7\u00f5es e recebeu v\u00e1rios pr\u00eamios.<\/p>\n<p>&nbsp;<\/p>\n<p><span style=\"font-style: italic; color: #92d050;\">Daniel Menin has been active since 1995 in the exploration and documentation of Brazilian caves. Researcher at the Institute of Geosciences at the University of S\u00e3o Paulo, he works with scientific dissemination on different fronts, from education to the promotion of speleology in the context of geoconservation. Its underground records feature the documentation of environments that are difficult to access, related to the most diverse speleological values. His photos have already been published in books, articles and scientific magazines. Menin has participated in exhibitions and received several awards.<\/span>[\/vc_column_text]    <\/div>\n<\/div><\/div>[vc_empty_space height=&#8221;40px&#8221;][\/vc_column][\/vc_row][vc_row css_animation=&#8221;&#8221; row_type=&#8221;row&#8221; use_row_as_full_screen_section=&#8221;no&#8221; type=&#8221;full_width&#8221; angled_section=&#8221;no&#8221; text_align=&#8221;left&#8221; background_image_as_pattern=&#8221;without_pattern&#8221;][vc_column width=&#8221;1\/3&#8243;][vc_single_image image=&#8221;221&#8243; img_size=&#8221;full&#8221; qode_css_animation=&#8221;&#8221; qode_hover_animation=&#8221;zoom_in&#8221;]<div class=\"qode-accordion-holder clearfix qode-toggle qode-initial \">\n\t<h3 class=\"clearfix qode-title-holder\">\n<span class=\"qode-tab-title\">\n\t    <span class=\"qode-tab-title-inner\">\n        Kevin Downey    <\/span>\n<\/span>\n<span class=\"qode-accordion-mark\">\n    <span class=\"qode-accordion-mark-icon\">\n        <span class=\"icon_plus\"><\/span>\n        <span class=\"icon_minus-06\"><\/span>\n    <\/span>\n<\/span>\n<\/h3>\n<div  class=\"qode-accordion-content \" >\n    <div class=\"qode-accordion-content-inner\">\n        [vc_column_text]O americano <strong>Kevin Downey<\/strong> \u00e9 reconhecido como um dos melhores fot\u00f3grafos de cavernas do mundo. Formado em geologia, e tamb\u00e9m em ci\u00eancias cinematogr\u00e1ficas e fotogr\u00e1ficas pela Universidade de Massachusetts, iniciou suas atividades em espeleologia em 1971. Seu trabalho mescla ilumina\u00e7\u00e3o criativa, perspectiva pessoal e um profundo amor pelo tema. Nos \u00faltimos 52 anos, mais de 2.400 viagens a cavernas ao redor do mundo permitiram que ele fizesse fotografias publicadas em mais de 350 artigos, 16 livros e muitas publica\u00e7\u00f5es t\u00e9cnicas. Suas fotografias est\u00e3o em muitos museus, incluindo as exposi\u00e7\u00f5es permanentes da Smithsonian Institution em Washington, Estados Unidos.<\/p>\n<p>&nbsp;<\/p>\n<p><span style=\"font-style: italic; color: #92d050;\">The American Kevin Downey is recognized as one of the best cave photographers in the world. Graduated in geology, as well as film and photography sciences from the University of Massachusetts, he began his activities in speleology in 1971. His work merges creative lighting, personal perspective and a deep love of his subject. Over the last 52 years, more than 2400 trips to caves around the world have allowed him to make photographs published in more than 350 articles, 16 books and many technical publications. His photographs are in many museums, including the permanent exhibits of the Smithsonian Institution in Washington, USA.<\/span>[\/vc_column_text]    <\/div>\n<\/div><\/div>[vc_empty_space height=&#8221;40px&#8221;][\/vc_column][vc_column width=&#8221;1\/3&#8243;][vc_single_image image=&#8221;16622&#8243; img_size=&#8221;full&#8221; qode_css_animation=&#8221;&#8221; qode_hover_animation=&#8221;zoom_in&#8221;]<div class=\"qode-accordion-holder clearfix qode-toggle qode-initial \">\n\t<h3 class=\"clearfix qode-title-holder\">\n<span class=\"qode-tab-title\">\n\t    <span class=\"qode-tab-title-inner\">\n        Mirjam Widmer    <\/span>\n<\/span>\n<span class=\"qode-accordion-mark\">\n    <span class=\"qode-accordion-mark-icon\">\n        <span class=\"icon_plus\"><\/span>\n        <span class=\"icon_minus-06\"><\/span>\n    <\/span>\n<\/span>\n<\/h3>\n<div  class=\"qode-accordion-content \" >\n    <div class=\"qode-accordion-content-inner\">\n        [vc_column_text]A maioria das pessoas conhece a qu\u00edmica su\u00ed\u00e7a <strong>Mirjam Widmer<\/strong>, como &#8220;M\u00fc&#8221;. A fotografia a acompanha desde a adolesc\u00eancia, sua c\u00e2mera estava sempre com ela. Tamb\u00e9m foi assim quando descobriu a sua paix\u00e3o pela espeleologia em 2004. Autodidata, desenvolveu seu conhecimento fotogr\u00e1fico atrav\u00e9s de viagens e expedi\u00e7\u00f5es internacionais com fot\u00f3grafos de cavernas de todo o mundo e foi criando aos poucos seu estilo pr\u00f3prio. Suas imagens refletem seu olhar interior, onde nada \u00e9 permanentemente iluminado. Mirjam Widmer desvenda os tesouros do mundo subterr\u00e2neo, suas formas \u00fanicas e seus mist\u00e9rios, at\u00e9 para pessoas que nunca visitaram uma caverna.<\/p>\n<p>&nbsp;<\/p>\n<p><span style=\"font-style: italic; color: #92d050;\">Most people know the Swiss chemist Mirjam Widmer as &#8220;M\u00fc&#8221;. Photography has accompanied her since adolescence, her camera was always with her. It was also like this when she discovered her passion for caving in 2004. Self-taught, she developed her photographic knowledge through international trips and expeditions with cave photographers from all over the world and gradually created her own style. Images of her reflect her inner gaze, where nothing is permanently illuminated. Mirjam Widmer unlocks the treasures of the underworld, its unique shapes and its mysteries, even for people who have never visited a cave.<br \/>\n<\/span>[\/vc_column_text]    <\/div>\n<\/div><\/div>[vc_empty_space height=&#8221;40px&#8221;][\/vc_column][vc_column width=&#8221;1\/3&#8243;][vc_single_image image=&#8221;222&#8243; img_size=&#8221;full&#8221; qode_css_animation=&#8221;&#8221; qode_hover_animation=&#8221;zoom_in&#8221;]<div class=\"qode-accordion-holder clearfix qode-toggle qode-initial \">\n\t<h3 class=\"clearfix qode-title-holder\">\n<span class=\"qode-tab-title\">\n\t    <span class=\"qode-tab-title-inner\">\n        Philippe Crochet    <\/span>\n<\/span>\n<span class=\"qode-accordion-mark\">\n    <span class=\"qode-accordion-mark-icon\">\n        <span class=\"icon_plus\"><\/span>\n        <span class=\"icon_minus-06\"><\/span>\n    <\/span>\n<\/span>\n<\/h3>\n<div  class=\"qode-accordion-content \" >\n    <div class=\"qode-accordion-content-inner\">\n        [vc_column_text]O hidroge\u00f3logo <strong>Philippe Crochet<\/strong> \u00e9 considerado um dos melhores fot\u00f3grafos de cavernas da atualidade. Fez v\u00e1rias reportagens fotogr\u00e1ficas pelo mundo (Cuba, Born\u00e9u, Laos, Porto Rico, Isl\u00e2ndia, \u00c1ustria, Turquia, Rep\u00fablica Checa, Eslov\u00e9nia, Rom\u00e9nia, It\u00e1lia, Inglaterra, Ir\u00e3o, M\u00e9xico, Jap\u00e3o, Israel, Turquemenist\u00e3o). Recebeu muitos pr\u00eamios e \u00e9 autor de v\u00e1rios livros: \u00a0&#8220;L&#8217;Ouest am\u00e9ricain \u2013 Terre mythique&#8221; (2014), &#8220;La grotte de Clamouse&#8221; (2018), &#8220;Les grottes de Han&#8221; (2020), &#8220;Underground Symphony&#8221; (2021) e &#8220;Le gouffre de Cabrespine&#8221; (2023). Philippe e sua esposa, Annie Guiraud, tamb\u00e9m produzem audiovisuais e artigos ilustrados com suas fotos.<\/p>\n<p>&nbsp;<\/p>\n<p><span style=\"font-style: italic; color: #92d050;\">Philippe Crochet, an hydrogeologist, is also considered one of the best cave photographers today. He made several photographic reports around the world (Cuba, Borneo, Laos, Puerto Rico, Iceland, Austria, Turkey, Czech Republic, Slovenia, Romania, Italy, England, Iran, Mexico, Japan, Isra\u00ebl, Turkm\u00e9nistan). He has received several prizes and is the author of several books: &#8220;L\u2019Ouest am\u00e9ricain \u2013 Terre mythique&#8221; (2014), &#8220;La grotte de Clamouse&#8221; (2018), &#8220;Les grottes de Han&#8221; (2020), &#8220;Underground symphony&#8221; (2021) and &#8220;Le gouffre de Cabrespine&#8221; (2023). Philippe and his wife, Annie Guiraud, also produce audiovisuals and articles illustrated with his pictures.<\/span>[\/vc_column_text]    <\/div>\n<\/div><\/div>[vc_empty_space height=&#8221;40px&#8221;][\/vc_column][\/vc_row][vc_row css_animation=&#8221;&#8221; row_type=&#8221;row&#8221; use_row_as_full_screen_section=&#8221;no&#8221; type=&#8221;full_width&#8221; angled_section=&#8221;no&#8221; text_align=&#8221;left&#8221; background_image_as_pattern=&#8221;without_pattern&#8221;][vc_column width=&#8221;1\/3&#8243;][vc_single_image image=&#8221;217&#8243; img_size=&#8221;full&#8221; qode_css_animation=&#8221;&#8221; qode_hover_animation=&#8221;zoom_in&#8221;]<div class=\"qode-accordion-holder clearfix qode-toggle qode-initial \">\n\t<h3 class=\"clearfix qode-title-holder\">\n<span class=\"qode-tab-title\">\n\t    <span class=\"qode-tab-title-inner\">\n        Ricardo Martinelli    <\/span>\n<\/span>\n<span class=\"qode-accordion-mark\">\n    <span class=\"qode-accordion-mark-icon\">\n        <span class=\"icon_plus\"><\/span>\n        <span class=\"icon_minus-06\"><\/span>\n    <\/span>\n<\/span>\n<\/h3>\n<div  class=\"qode-accordion-content \" >\n    <div class=\"qode-accordion-content-inner\">\n        [vc_column_text]<strong>Ricardo Martinelli<\/strong> \u00e9 dentista, espele\u00f3logo e fot\u00f3grafo. Trabalha ativamente na explora\u00e7\u00e3o e mapeamento das cavernas de S\u00e3o Paulo, Goi\u00e1s e Minas Gerais, onde constituiu um importante registro fotogr\u00e1fico. Atuando desde 1988 na fotografia subterr\u00e2nea, participou em in\u00fameros concursos, exposi\u00e7\u00f5es, livros, peri\u00f3dicos, sempre em posi\u00e7\u00e3o de destaque. \u00c9 autor do livro \u201cRetratos do Ribeira\u201d (2022).<\/p>\n<p>&nbsp;<\/p>\n<p><span style=\"font-style: italic; color: #92d050;\">Ricardo Martinelli is a dentist, speleologist and photographer. He works actively in the exploration and mapping of caves in S\u00e3o Paulo, Goi\u00e1s and Minas Gerais, where he constituted an important photographic record. Acting since 1988 in underground photography, he has participated in numerous competitions, exhibitions, books, periodicals, always in a prominent position. He is the author of the book \u201cRetratos do Ribeira\u201d (2022).<\/span>[\/vc_column_text]    <\/div>\n<\/div><\/div>[vc_empty_space height=&#8221;40px&#8221;][\/vc_column][vc_column width=&#8221;1\/3&#8243;][vc_single_image image=&#8221;218&#8243; img_size=&#8221;full&#8221; qode_css_animation=&#8221;&#8221; qode_hover_animation=&#8221;zoom_in&#8221;]<div class=\"qode-accordion-holder clearfix qode-toggle qode-initial \">\n\t<h3 class=\"clearfix qode-title-holder\">\n<span class=\"qode-tab-title\">\n\t    <span class=\"qode-tab-title-inner\">\n        Victor Ferrer    <\/span>\n<\/span>\n<span class=\"qode-accordion-mark\">\n    <span class=\"qode-accordion-mark-icon\">\n        <span class=\"icon_plus\"><\/span>\n        <span class=\"icon_minus-06\"><\/span>\n    <\/span>\n<\/span>\n<\/h3>\n<div  class=\"qode-accordion-content \" >\n    <div class=\"qode-accordion-content-inner\">\n        [vc_column_text]Ap\u00f3s\u00a0 30 anos de explora\u00e7\u00f5es na Europa e na \u00c1sia, <strong>Victor Ferrer<\/strong> \u00e9 autor do projeto \u201cMediterranean Caves\u201d, pelo qual publicou at\u00e9 o presente 23 livros sobre as cavernas do Mediterr\u00e2neo. Seu projeto mais recente \u201cSpeleoMedit\u201d consiste na cria\u00e7\u00e3o de uma organiza\u00e7\u00e3o para a preserva\u00e7\u00e3o de cavidades mediterr\u00e2neas. O primeiro passo foi a edi\u00e7\u00e3o de um livro com registros das cavernas de 23 pa\u00edses e uma exposi\u00e7\u00e3o fotogr\u00e1fica e documental que percorre todos os pa\u00edses. Ele faz parte da equipe Internacional La Salle 3D, que produz Videos e fotografias\u00a0em\u00a03D.<\/p>\n<p>&nbsp;<\/p>\n<p><span style=\"font-style: italic; color: #92d050;\">After 30 years of explorations in Europe and Asia, Victor Ferrer is the author of the \u201cMediterranean Caves\u201d project, for which he has published 23 books to date. His most recent project \u201cSpeleoMedit\u201d consists of the creation of an organization for the preservation of Mediterranean cavities. The first step was the publication of a book with records of caves in 23 countries and a photographic and documentary exhibition that covers all countries. He is part of the International La Salle 3D team, which produces 3D videos and photographs.<br \/>\n<\/span>[\/vc_column_text]    <\/div>\n<\/div><\/div>[vc_empty_space height=&#8221;40px&#8221;][\/vc_column][vc_column width=&#8221;1\/3&#8243;][vc_empty_space height=&#8221;40px&#8221;][\/vc_column][\/vc_row][vc_row css_animation=&#8221;&#8221; row_type=&#8221;row&#8221; use_row_as_full_screen_section=&#8221;no&#8221; type=&#8221;full_width&#8221; angled_section=&#8221;no&#8221; text_align=&#8221;left&#8221; background_image_as_pattern=&#8221;without_pattern&#8221;][vc_column][vc_empty_space height=&#8221;80px&#8221;][\/vc_column][\/vc_row]<\/p>\n","protected":false},"excerpt":{"rendered":"<p>[vc_row css_animation=&#8221;&#8221; row_type=&#8221;row&#8221; use_row_as_full_screen_section=&#8221;no&#8221; type=&#8221;full_width&#8221; angled_section=&#8221;no&#8221; text_align=&#8221;left&#8221; background_image_as_pattern=&#8221;without_pattern&#8221;][vc_column][vc_empty_space height=&#8221;80px&#8221;][\/vc_column][\/vc_row][vc_row css_animation=&#8221;&#8221; row_type=&#8221;row&#8221; use_row_as_full_screen_section=&#8221;no&#8221; type=&#8221;full_width&#8221; angled_section=&#8221;no&#8221; text_align=&#8221;left&#8221; background_image_as_pattern=&#8221;without_pattern&#8221;][vc_column width=&#8221;1\/3&#8243;][vc_single_image image=&#8221;16614&#8243; img_size=&#8221;full&#8221; qode_css_animation=&#8221;&#8221; qode_hover_animation=&#8221;zoom_in&#8221;][vc_empty_space height=&#8221;40px&#8221;][\/vc_column][vc_column width=&#8221;1\/3&#8243;][vc_single_image image=&#8221;219&#8243; img_size=&#8221;full&#8221; qode_css_animation=&#8221;&#8221; qode_hover_animation=&#8221;zoom_in&#8221;][vc_empty_space height=&#8221;40px&#8221;][\/vc_column][vc_column width=&#8221;1\/3&#8243;][vc_single_image image=&#8221;220&#8243; img_size=&#8221;full&#8221; qode_css_animation=&#8221;&#8221; qode_hover_animation=&#8221;zoom_in&#8221;][vc_empty_space height=&#8221;40px&#8221;][\/vc_column][\/vc_row][vc_row css_animation=&#8221;&#8221; row_type=&#8221;row&#8221; use_row_as_full_screen_section=&#8221;no&#8221; type=&#8221;full_width&#8221; angled_section=&#8221;no&#8221; text_align=&#8221;left&#8221; background_image_as_pattern=&#8221;without_pattern&#8221;][vc_column width=&#8221;1\/3&#8243;][vc_single_image image=&#8221;221&#8243; img_size=&#8221;full&#8221; qode_css_animation=&#8221;&#8221;&#8230;<\/p>\n","protected":false},"author":1,"featured_media":0,"parent":0,"menu_order":0,"comment_status":"closed","ping_status":"closed","template":"","meta":{"_mi_skip_tracking":false,"_exactmetrics_sitenote_active":false,"_exactmetrics_sitenote_note":"","_exactmetrics_sitenote_category":0},"_links":{"self":[{"href":"https:\/\/luzesnaescuridao.com.br\/v3\/wp-json\/wp\/v2\/pages\/16591"}],"collection":[{"href":"https:\/\/luzesnaescuridao.com.br\/v3\/wp-json\/wp\/v2\/pages"}],"about":[{"href":"https:\/\/luzesnaescuridao.com.br\/v3\/wp-json\/wp\/v2\/types\/page"}],"author":[{"embeddable":true,"href":"https:\/\/luzesnaescuridao.com.br\/v3\/wp-json\/wp\/v2\/users\/1"}],"replies":[{"embeddable":true,"href":"https:\/\/luzesnaescuridao.com.br\/v3\/wp-json\/wp\/v2\/comments?post=16591"}],"version-history":[{"count":28,"href":"https:\/\/luzesnaescuridao.com.br\/v3\/wp-json\/wp\/v2\/pages\/16591\/revisions"}],"predecessor-version":[{"id":17019,"href":"https:\/\/luzesnaescuridao.com.br\/v3\/wp-json\/wp\/v2\/pages\/16591\/revisions\/17019"}],"wp:attachment":[{"href":"https:\/\/luzesnaescuridao.com.br\/v3\/wp-json\/wp\/v2\/media?parent=16591"}],"curies":[{"name":"wp","href":"https:\/\/api.w.org\/{rel}","templated":true}]}}