{"id":16417,"date":"2019-08-23T15:08:56","date_gmt":"2019-08-23T18:08:56","guid":{"rendered":"http:\/\/luzesnaescuridao.com.br\/v2\/a-tecnica-da-fotografia-de-caverna-copy\/"},"modified":"2023-09-14T10:55:41","modified_gmt":"2023-09-14T13:55:41","slug":"roteiro","status":"publish","type":"page","link":"https:\/\/luzesnaescuridao.com.br\/v3\/roteiro\/","title":{"rendered":"Roteiro <span style=\"font-style:italic; text-transform: lowercase; color:#92D050;\">route<\/span>"},"content":{"rendered":"<p>[vc_row css_animation=&#8221;&#8221; row_type=&#8221;row&#8221; use_row_as_full_screen_section=&#8221;no&#8221; type=&#8221;full_width&#8221; angled_section=&#8221;no&#8221; text_align=&#8221;left&#8221; background_image_as_pattern=&#8221;without_pattern&#8221;][vc_column][vc_empty_space height=&#8221;80px&#8221;][\/vc_column][\/vc_row][vc_row css_animation=&#8221;&#8221; row_type=&#8221;row&#8221; use_row_as_full_screen_section=&#8221;no&#8221; type=&#8221;full_width&#8221; angled_section=&#8221;no&#8221; text_align=&#8221;left&#8221; background_image_as_pattern=&#8221;without_pattern&#8221;][vc_column width=&#8221;1\/4&#8243;][vc_empty_space][vc_column_text]<span style=\"color: #fff;\">Foram 21 dias de expedi\u00e7\u00e3o pelas mais belas cavernas da Amaz\u00f4nia brasileira, Incluindo a maior delas, a Caverna Para\u00edso, com mais de 7,5 km.<\/p>\n<p>A expedi\u00e7\u00e3o foi realizada entre 24\/06\u00a0e\u00a017\/07\/2023.<\/span><\/p>\n<p>&nbsp;<\/p>\n<p><span style=\"font-style: italic; color: #92d050;\">There were 21 days of expedition through the most beautiful caves in the Brazilian Amazon, including the largest, Caverna Para\u00edso, with more than 7.5 km.<\/p>\n<p>The expedition was carried out between 06\/24\u00a0and\u00a007\/17\/2023.<\/span>[\/vc_column_text][\/vc_column][vc_column width=&#8221;3\/4&#8243;][vc_empty_space][vc_single_image image=&#8221;16962&#8243; img_size=&#8221;full&#8221; qode_css_animation=&#8221;&#8221;][vc_empty_space][\/vc_column][\/vc_row][vc_row css_animation=&#8221;&#8221; row_type=&#8221;row&#8221; use_row_as_full_screen_section=&#8221;no&#8221; type=&#8221;full_width&#8221; angled_section=&#8221;no&#8221; text_align=&#8221;left&#8221; background_image_as_pattern=&#8221;without_pattern&#8221;][vc_column][vc_empty_space height=&#8221;80px&#8221;][\/vc_column][\/vc_row]<\/p>\n","protected":false},"excerpt":{"rendered":"<p>[vc_row css_animation=&#8221;&#8221; row_type=&#8221;row&#8221; use_row_as_full_screen_section=&#8221;no&#8221; type=&#8221;full_width&#8221; angled_section=&#8221;no&#8221; text_align=&#8221;left&#8221; background_image_as_pattern=&#8221;without_pattern&#8221;][vc_column][vc_empty_space height=&#8221;80px&#8221;][\/vc_column][\/vc_row][vc_row css_animation=&#8221;&#8221; row_type=&#8221;row&#8221; use_row_as_full_screen_section=&#8221;no&#8221; type=&#8221;full_width&#8221; angled_section=&#8221;no&#8221; text_align=&#8221;left&#8221; background_image_as_pattern=&#8221;without_pattern&#8221;][vc_column width=&#8221;1\/4&#8243;][vc_empty_space][vc_column_text]Foram 21 dias de expedi\u00e7\u00e3o pelas mais belas cavernas da Amaz\u00f4nia brasileira, Incluindo a maior delas, a Caverna Para\u00edso, com mais de 7,5 km. A expedi\u00e7\u00e3o foi realizada entre&#8230;<\/p>\n","protected":false},"author":1,"featured_media":0,"parent":0,"menu_order":0,"comment_status":"closed","ping_status":"closed","template":"","meta":{"_mi_skip_tracking":false,"_exactmetrics_sitenote_active":false,"_exactmetrics_sitenote_note":"","_exactmetrics_sitenote_category":0},"_links":{"self":[{"href":"https:\/\/luzesnaescuridao.com.br\/v3\/wp-json\/wp\/v2\/pages\/16417"}],"collection":[{"href":"https:\/\/luzesnaescuridao.com.br\/v3\/wp-json\/wp\/v2\/pages"}],"about":[{"href":"https:\/\/luzesnaescuridao.com.br\/v3\/wp-json\/wp\/v2\/types\/page"}],"author":[{"embeddable":true,"href":"https:\/\/luzesnaescuridao.com.br\/v3\/wp-json\/wp\/v2\/users\/1"}],"replies":[{"embeddable":true,"href":"https:\/\/luzesnaescuridao.com.br\/v3\/wp-json\/wp\/v2\/comments?post=16417"}],"version-history":[{"count":13,"href":"https:\/\/luzesnaescuridao.com.br\/v3\/wp-json\/wp\/v2\/pages\/16417\/revisions"}],"predecessor-version":[{"id":17112,"href":"https:\/\/luzesnaescuridao.com.br\/v3\/wp-json\/wp\/v2\/pages\/16417\/revisions\/17112"}],"wp:attachment":[{"href":"https:\/\/luzesnaescuridao.com.br\/v3\/wp-json\/wp\/v2\/media?parent=16417"}],"curies":[{"name":"wp","href":"https:\/\/api.w.org\/{rel}","templated":true}]}}