{"id":16401,"date":"2019-08-23T14:47:18","date_gmt":"2019-08-23T17:47:18","guid":{"rendered":"http:\/\/luzesnaescuridao.com.br\/v2\/sobre-o-projeto-copy\/"},"modified":"2023-06-19T19:09:34","modified_gmt":"2023-06-19T22:09:34","slug":"quem-somos","status":"publish","type":"page","link":"https:\/\/luzesnaescuridao.com.br\/v3\/quem-somos\/","title":{"rendered":"Quem somos <span style=\"font-style:italic; text-transform: lowercase; color:#92D050;\">About Us<\/span>"},"content":{"rendered":"<p>[vc_row css_animation=&#8221;&#8221; row_type=&#8221;row&#8221; use_row_as_full_screen_section=&#8221;no&#8221; type=&#8221;full_width&#8221; angled_section=&#8221;no&#8221; text_align=&#8221;left&#8221; background_image_as_pattern=&#8221;without_pattern&#8221;][vc_column][vc_empty_space height=&#8221;80px&#8221;][\/vc_column][\/vc_row][vc_row css_animation=&#8221;&#8221; row_type=&#8221;row&#8221; use_row_as_full_screen_section=&#8221;no&#8221; type=&#8221;full_width&#8221; angled_section=&#8221;no&#8221; text_align=&#8221;left&#8221; background_image_as_pattern=&#8221;without_pattern&#8221;][vc_column width=&#8221;1\/4&#8243;][\/vc_column][vc_column width=&#8221;1\/4&#8243;][vc_single_image image=&#8221;16406&#8243; img_size=&#8221;full&#8221; qode_css_animation=&#8221;&#8221;][vc_empty_space][vc_column_text]<\/p>\n<p style=\"text-align: center;\"><strong>Leda Zogbi<\/strong><br \/>\n<strong>Coordenadora Geral do Projeto<\/strong><\/p>\n<p>[\/vc_column_text][vc_empty_space][vc_column_text]Formada em Publicidade e Propaganda pela Escola de Comunica\u00e7\u00f5es e Artes da USP, Leda Zogbi , atua desde 1992 na explora\u00e7\u00e3o e na documenta\u00e7\u00e3o das cavernas brasileiras. \u00c9 autora dos livros: \u201cEspeleologia No\u00e7\u00f5es B\u00e1sicas\u201d, Redespeleo 2005; \u201cMichel le Bret, Franc\u00eas e Brasileiro, Espele\u00f3logo e Desenhista\u201d, Redespeleo 2006, e Luzes na Escurid\u00e3o, volumes 1 e 2, Estalactite Editora, 2017 e 2021. Leda possui uma grande experi\u00eancia internacional com participa\u00e7\u00e3o em Congressos e explora\u00e7\u00f5es de cavernas em diversos pa\u00edses do mundo. Tamb\u00e9m participou de viagens organizadas exclusivamente com a finalidade de fazer fotografias de cavernas, quando teve a oportunidade de conhecer os fot\u00f3grafos que participaram deste projeto.<\/p>\n<p>&nbsp;<\/p>\n<p>&nbsp;<\/p>\n<p><span style=\"font-style: italic; color: #92d050;\"><strong>General coordinator of the project<\/strong><\/span><\/p>\n<p>&nbsp;<\/p>\n<p><span style=\"font-style: italic; color: #92d050;\">Graduated in Advertising from the School of Communications and Arts of S\u00e3o Paulo University, Leda Zogbi, has been working on the exploration and documentation of Brazilian caves since 1992. She is the author of the books: \u201cEspeleologia \u2013 No\u00e7\u00f5es B\u00e1sicas\u201d, Redespeleo 2005; \u201cMichel le Bret, Franc\u00eas e Brasileiro, Espele\u00f3logo e Desenhista\u201d, Redespeleo 2006, and also \u201cLights in the Darkness\u201d volumes 1 and 2, Estalactite Editora, 2017 and 2021. Leda has a great international experience with participation in Congresses and cave explorations in several countries. She also participated in trips organized exclusively for the purpose of making photographs of caves, where she had the opportunity to meet the photographers who participated in this project.<\/span>[\/vc_column_text][vc_empty_space][\/vc_column][vc_column width=&#8221;1\/4&#8243;][vc_single_image image=&#8221;16405&#8243; img_size=&#8221;full&#8221; qode_css_animation=&#8221;&#8221;][vc_empty_space][vc_column_text]<\/p>\n<p style=\"text-align: center;\"><strong>Allan Calux<\/strong><br \/>\n<strong>Apoio T\u00e9cnico cient\u00edfico<\/strong><\/p>\n<p>[\/vc_column_text][vc_empty_space][vc_column_text]Bacharel em Geografia pelo Instituto de Geoci\u00eancias da UNICAMP, mestre em Geografia F\u00edsica pelo Instituto de Geoci\u00eancias da UFMG e doutor em Geoqu\u00edmica e Geotect\u00f4nica pelo Instituto de Geoci\u00eancias da USP, Allan Calux atua desde 1997 na explora\u00e7\u00e3o, documenta\u00e7\u00e3o e diagn\u00f3stico geoespeleol\u00f3gico das cavernas brasileiras. Foi membro de comit\u00ea t\u00e9cnico do Minist\u00e9rio do Meio Ambiente entre 2012 e 2013, onde desenvolveu atividades relacionadas ao desenvolvimento de marcos regulat\u00f3rios para a gest\u00e3o do patrim\u00f4nio espeleol\u00f3gico brasileiro. \u00c9 coautor do livro Patrim\u00f4nio Espeleol\u00f3gico em Rochas Ferruginosas, SBE, 2015, e dos livros Luzes na Escurid\u00e3o, volumes 1 e 2, Estalactite Editora, 2017 e 2021.<\/p>\n<p>&nbsp;<\/p>\n<p>&nbsp;<\/p>\n<p>&nbsp;<\/p>\n<p><strong><span style=\"font-style: italic; color: #92d050;\">General Technical and scientific support<\/span><\/strong><\/p>\n<p>&nbsp;<\/p>\n<p><span style=\"font-style: italic; color: #92d050;\">Bachelor in Geography from the Institute of Geosciences of Campinas University, Master in Physical Geography from the Institute of Geosciences of UFMG and doctorate in Geochemistry and Geotectonics from the Institute of Geosciences of USP, Allan Calux has been operating since 1997 in exploration, documentation and geospatial diagnosis of Brazilian caves. He was a member of a technical committee of the Ministry of the Environment between 2012 and 2013, where he developed activities related to the design of regulatory frameworks for the management of Brazilian speleological heritage. He is co-author of the book Speleological Patrimony in Ferruginous Rocks (SBE, 2015) and \u201cLights in the Darkness\u201d, volumes 1 and 2, Estalactite Editora, 2017 and 2021.<\/span>[\/vc_column_text][\/vc_column][vc_column width=&#8221;1\/4&#8243;][\/vc_column][\/vc_row][vc_row css_animation=&#8221;&#8221; row_type=&#8221;row&#8221; use_row_as_full_screen_section=&#8221;no&#8221; type=&#8221;full_width&#8221; angled_section=&#8221;no&#8221; text_align=&#8221;left&#8221; background_image_as_pattern=&#8221;without_pattern&#8221;][vc_column][vc_empty_space height=&#8221;80px&#8221;][\/vc_column][\/vc_row]<\/p>\n","protected":false},"excerpt":{"rendered":"<p>[vc_row css_animation=&#8221;&#8221; row_type=&#8221;row&#8221; use_row_as_full_screen_section=&#8221;no&#8221; type=&#8221;full_width&#8221; angled_section=&#8221;no&#8221; text_align=&#8221;left&#8221; background_image_as_pattern=&#8221;without_pattern&#8221;][vc_column][vc_empty_space height=&#8221;80px&#8221;][\/vc_column][\/vc_row][vc_row css_animation=&#8221;&#8221; row_type=&#8221;row&#8221; use_row_as_full_screen_section=&#8221;no&#8221; type=&#8221;full_width&#8221; angled_section=&#8221;no&#8221; text_align=&#8221;left&#8221; background_image_as_pattern=&#8221;without_pattern&#8221;][vc_column width=&#8221;1\/4&#8243;][\/vc_column][vc_column width=&#8221;1\/4&#8243;][vc_single_image image=&#8221;16406&#8243; img_size=&#8221;full&#8221; qode_css_animation=&#8221;&#8221;][vc_empty_space][vc_column_text] Leda Zogbi Coordenadora Geral do Projeto [\/vc_column_text][vc_empty_space][vc_column_text]Formada em Publicidade e Propaganda pela Escola de Comunica\u00e7\u00f5es e Artes da USP, Leda Zogbi , atua desde&#8230;<\/p>\n","protected":false},"author":1,"featured_media":0,"parent":0,"menu_order":0,"comment_status":"closed","ping_status":"closed","template":"","meta":{"_mi_skip_tracking":false,"_exactmetrics_sitenote_active":false,"_exactmetrics_sitenote_note":"","_exactmetrics_sitenote_category":0},"_links":{"self":[{"href":"https:\/\/luzesnaescuridao.com.br\/v3\/wp-json\/wp\/v2\/pages\/16401"}],"collection":[{"href":"https:\/\/luzesnaescuridao.com.br\/v3\/wp-json\/wp\/v2\/pages"}],"about":[{"href":"https:\/\/luzesnaescuridao.com.br\/v3\/wp-json\/wp\/v2\/types\/page"}],"author":[{"embeddable":true,"href":"https:\/\/luzesnaescuridao.com.br\/v3\/wp-json\/wp\/v2\/users\/1"}],"replies":[{"embeddable":true,"href":"https:\/\/luzesnaescuridao.com.br\/v3\/wp-json\/wp\/v2\/comments?post=16401"}],"version-history":[{"count":14,"href":"https:\/\/luzesnaescuridao.com.br\/v3\/wp-json\/wp\/v2\/pages\/16401\/revisions"}],"predecessor-version":[{"id":16996,"href":"https:\/\/luzesnaescuridao.com.br\/v3\/wp-json\/wp\/v2\/pages\/16401\/revisions\/16996"}],"wp:attachment":[{"href":"https:\/\/luzesnaescuridao.com.br\/v3\/wp-json\/wp\/v2\/media?parent=16401"}],"curies":[{"name":"wp","href":"https:\/\/api.w.org\/{rel}","templated":true}]}}