{"id":15815,"date":"2016-07-18T12:37:20","date_gmt":"2016-07-18T15:37:20","guid":{"rendered":"http:\/\/luzesnaescuridao.com.br\/_site\/?page_id=15815"},"modified":"2023-06-19T19:08:23","modified_gmt":"2023-06-19T22:08:23","slug":"sobre-o-projeto","status":"publish","type":"page","link":"https:\/\/luzesnaescuridao.com.br\/v3\/sobre-o-projeto\/","title":{"rendered":"Sobre o projeto <span style=\"font-style:italic; text-transform: lowercase; color:#92D050;\">About the Project<\/span>"},"content":{"rendered":"<p>[vc_row css_animation=&#8221;&#8221; row_type=&#8221;row&#8221; use_row_as_full_screen_section=&#8221;no&#8221; type=&#8221;full_width&#8221; angled_section=&#8221;no&#8221; text_align=&#8221;left&#8221; background_image_as_pattern=&#8221;without_pattern&#8221;][vc_column][vc_empty_space height=&#8221;80px&#8221;][\/vc_column][\/vc_row][vc_row css_animation=&#8221;&#8221; row_type=&#8221;row&#8221; use_row_as_full_screen_section=&#8221;no&#8221; type=&#8221;full_width&#8221; angled_section=&#8221;no&#8221; text_align=&#8221;left&#8221; background_image_as_pattern=&#8221;without_pattern&#8221;][vc_column width=&#8221;2\/3&#8243;][vc_column_text]O projeto \u201cLuzes na Escurid\u00e3o\u201d surgiu da ideia de trazer alguns dos maiores fot\u00f3grafos de cavernas do mundo para, juntamente com grandes fot\u00f3grafos brasileiros, registrarem imagens in\u00e9ditas de algumas das mais belas cavernas do Brasil.<\/p>\n<p>&nbsp;<\/p>\n<p>A alta umidade do ar, muito comum nas cavernas, pode se tornar uma barreira quase intranspon\u00edvel para um fot\u00f3grafo inexperiente, mas pode ser usado para criar efeitos visuais \u00fanicos quando o fot\u00f3grafo domina a sua arte.<\/p>\n<p>&nbsp;<\/p>\n<p>Estas fotografias resultaram em um livro de alto n\u00edvel em quatro l\u00ednguas (portugu\u00eas, ingl\u00eas, espanhol e franc\u00eas), lan\u00e7ado em 2017, v\u00eddeos curta-metragem do \u201cMaking Of\u201d do projeto e uma expedi\u00e7\u00e3o virtual de fotografias, que foi exibida no Museu das Minas e do Metal &#8211; MM Gerdau, em Belo Horizonte.<\/p>\n<p>&nbsp;<\/p>\n<p>Ap\u00f3s o sucesso do Volume 1, decidimos fazer uma nova expedi\u00e7\u00e3o para o Centro-Oeste do Brasil para registrar as belas grutas do Mato Grosso do Sul e do Mato Grosso. A expedi\u00e7\u00e3o foi realizada em meados de 2019, e o segundo volume, tamb\u00e9m em quatro l\u00ednguas, foi lan\u00e7ado, no Brasil e na Fran\u00e7a, em 2021.<\/p>\n<p>&nbsp;<\/p>\n<p>Para complementar essa cole\u00e7\u00e3o maravilhosa de registros das nossas cavernas, decidimos visitar agora a Amaz\u00f4nia. Vamos fotografar cavernas em tr\u00eas litologias: arenito, calc\u00e1rio e min\u00e9rio de ferro, em dois estados: Amazonas e Par\u00e1.<\/p>\n<p>&nbsp;<\/p>\n<p>O objetivo principal do projeto Luzes na Escurid\u00e3o \u00e9 divulgar as maravilhosas cavernas brasileiras, seus tesouros e suas fragilidades, para gerar interesse pela importante causa da sua conserva\u00e7\u00e3o, pois acreditamos que s\u00f3 se preserva o que se conhece\u2026<\/p>\n<p>&nbsp;<\/p>\n<p>&nbsp;<\/p>\n<p>&nbsp;<\/p>\n<p><span style=\"font-style: italic; color: #92d050;\"><br \/>\nThe \u201cLights in the Darkness\u201d project arose from the idea of bringing some of the greatest cave photographers in the world to, together with Brazilian cave photographers, to record images of some of the most beautiful caves in Brazil.<\/span><\/p>\n<p><span style=\"font-style: italic; color: #92d050;\"><br \/>\nHigh air humidity, common in caves, can become an almost insurmountable barrier for an inexperienced photographer, but can be used to create unique visual effects, when the photographer masters his art.<\/span><\/p>\n<p><span style=\"font-style: italic; color: #92d050;\"><br \/>\nThese photographs resulted in a high-level book released in 2017, edited in four languages (Portuguese, English, Spanish and French), short videos of the \u201cMaking Of\u201d of the project and a virtual expedition of photographs, which was exhibited at the \u201cMuseu das Minas e do Metal &#8211; MM Gerdau\u201d, in Belo Horizonte.<\/span><\/p>\n<p><span style=\"font-style: italic; color: #92d050;\"><br \/>\nAfter the success of Volume 1, we decided to make a new expedition to the Midwest of Brazil to register the beautiful caves of Mato Grosso do Sul and Mato Grosso. The expedition took place in mid-2019, and the second volume, also in four languages, was released in Brazil and France in 2021.<\/span><\/p>\n<p><span style=\"font-style: italic; color: #92d050;\"><br \/>\nTo complement this wonderful collection of records from our caves, we decided to visit the Amazon. We are going to photograph caves in three lithologies: sandstone, limestone and iron ore, in two states: Amazonas and Par\u00e1.<\/span><\/p>\n<p>&nbsp;<\/p>\n<p><span style=\"font-style: italic; color: #92d050;\">The main objective of the \u201cLigts in the Darkness\u201d project is to publicize the wonderful Brazilian caves, their treasures and their weaknesses, to generate interest in the important cause of their conservation, as we believe that only what is known can be preserved\u2026<\/span><\/p>\n<p>[\/vc_column_text][\/vc_column][vc_column width=&#8221;1\/3&#8243;][vc_empty_space][vc_single_image image=&#8221;16704&#8243; img_size=&#8221;full&#8221; qode_css_animation=&#8221;&#8221;][vc_empty_space][\/vc_column][\/vc_row][vc_row css_animation=&#8221;&#8221; row_type=&#8221;row&#8221; use_row_as_full_screen_section=&#8221;no&#8221; type=&#8221;full_width&#8221; angled_section=&#8221;no&#8221; text_align=&#8221;left&#8221; background_image_as_pattern=&#8221;without_pattern&#8221;][vc_column][vc_empty_space height=&#8221;80px&#8221;][\/vc_column][\/vc_row]<\/p>\n","protected":false},"excerpt":{"rendered":"<p>[vc_row css_animation=&#8221;&#8221; row_type=&#8221;row&#8221; use_row_as_full_screen_section=&#8221;no&#8221; type=&#8221;full_width&#8221; angled_section=&#8221;no&#8221; text_align=&#8221;left&#8221; background_image_as_pattern=&#8221;without_pattern&#8221;][vc_column][vc_empty_space height=&#8221;80px&#8221;][\/vc_column][\/vc_row][vc_row css_animation=&#8221;&#8221; row_type=&#8221;row&#8221; use_row_as_full_screen_section=&#8221;no&#8221; type=&#8221;full_width&#8221; angled_section=&#8221;no&#8221; text_align=&#8221;left&#8221; background_image_as_pattern=&#8221;without_pattern&#8221;][vc_column width=&#8221;2\/3&#8243;][vc_column_text]O projeto \u201cLuzes na Escurid\u00e3o\u201d surgiu da ideia de trazer alguns dos maiores fot\u00f3grafos de cavernas do mundo para, juntamente com grandes fot\u00f3grafos brasileiros, registrarem imagens in\u00e9ditas de algumas&#8230;<\/p>\n","protected":false},"author":1,"featured_media":0,"parent":0,"menu_order":0,"comment_status":"closed","ping_status":"closed","template":"","meta":{"_mi_skip_tracking":false,"_exactmetrics_sitenote_active":false,"_exactmetrics_sitenote_note":"","_exactmetrics_sitenote_category":0},"_links":{"self":[{"href":"https:\/\/luzesnaescuridao.com.br\/v3\/wp-json\/wp\/v2\/pages\/15815"}],"collection":[{"href":"https:\/\/luzesnaescuridao.com.br\/v3\/wp-json\/wp\/v2\/pages"}],"about":[{"href":"https:\/\/luzesnaescuridao.com.br\/v3\/wp-json\/wp\/v2\/types\/page"}],"author":[{"embeddable":true,"href":"https:\/\/luzesnaescuridao.com.br\/v3\/wp-json\/wp\/v2\/users\/1"}],"replies":[{"embeddable":true,"href":"https:\/\/luzesnaescuridao.com.br\/v3\/wp-json\/wp\/v2\/comments?post=15815"}],"version-history":[{"count":22,"href":"https:\/\/luzesnaescuridao.com.br\/v3\/wp-json\/wp\/v2\/pages\/15815\/revisions"}],"predecessor-version":[{"id":16995,"href":"https:\/\/luzesnaescuridao.com.br\/v3\/wp-json\/wp\/v2\/pages\/15815\/revisions\/16995"}],"wp:attachment":[{"href":"https:\/\/luzesnaescuridao.com.br\/v3\/wp-json\/wp\/v2\/media?parent=15815"}],"curies":[{"name":"wp","href":"https:\/\/api.w.org\/{rel}","templated":true}]}}